{"id":23,"date":"2020-05-17T09:27:48","date_gmt":"2020-05-17T09:27:48","guid":{"rendered":"https:\/\/hennalaheraa.fi\/?page_id=23"},"modified":"2025-10-21T13:05:01","modified_gmt":"2025-10-21T11:05:01","slug":"yhteistyokumppanit","status":"publish","type":"page","link":"https:\/\/hennalaheraa.fi\/?page_id=23","title":{"rendered":"Yhteisty\u00f6kumppanit"},"content":{"rendered":"\n<ul class=\"wp-block-list\">\n<li>P\u00e4ij\u00e4t-H\u00e4meen rauhanturvaajat ry<\/li>\n\n\n\n<li>Lahden sotilaskotiyhdistys ry<\/li>\n\n\n\n<li>Ratsumieskilta \/ Lahden Eskadroona ry<\/li>\n\n\n\n<li>Lahden reservil\u00e4iset ry<\/li>\n\n\n\n<li>Lahden sotaveteraanit ry<\/li>\n\n\n\n<li>MNL P\u00e4ij\u00e4t-H\u00e4meen piiri ry<\/li>\n\n\n\n<li>Lahden Sotaveteraanit ry<\/li>\n<\/ul>\n","protected":false},"excerpt":{"rendered":"","protected":false},"author":8,"featured_media":0,"parent":0,"menu_order":0,"comment_status":"closed","ping_status":"closed","template":"","meta":{"footnotes":""},"class_list":["post-23","page","type-page","status-publish","hentry","nodate","item-wrap"],"_links":{"self":[{"href":"https:\/\/hennalaheraa.fi\/index.php?rest_route=\/wp\/v2\/pages\/23","targetHints":{"allow":["GET"]}}],"collection":[{"href":"https:\/\/hennalaheraa.fi\/index.php?rest_route=\/wp\/v2\/pages"}],"about":[{"href":"https:\/\/hennalaheraa.fi\/index.php?rest_route=\/wp\/v2\/types\/page"}],"author":[{"embeddable":true,"href":"https:\/\/hennalaheraa.fi\/index.php?rest_route=\/wp\/v2\/users\/8"}],"replies":[{"embeddable":true,"href":"https:\/\/hennalaheraa.fi\/index.php?rest_route=%2Fwp%2Fv2%2Fcomments&post=23"}],"version-history":[{"count":8,"href":"https:\/\/hennalaheraa.fi\/index.php?rest_route=\/wp\/v2\/pages\/23\/revisions"}],"predecessor-version":[{"id":286,"href":"https:\/\/hennalaheraa.fi\/index.php?rest_route=\/wp\/v2\/pages\/23\/revisions\/286"}],"wp:attachment":[{"href":"https:\/\/hennalaheraa.fi\/index.php?rest_route=%2Fwp%2Fv2%2Fmedia&parent=23"}],"curies":[{"name":"wp","href":"https:\/\/api.w.org\/{rel}","templated":true}]}}