{"id":244,"date":"2023-03-22T14:35:14","date_gmt":"2023-03-22T12:35:14","guid":{"rendered":"https:\/\/hennalaheraa.fi\/?page_id=244"},"modified":"2023-03-22T14:35:15","modified_gmt":"2023-03-22T12:35:15","slug":"yhdistyksen-saannot","status":"publish","type":"page","link":"https:\/\/hennalaheraa.fi\/?page_id=244","title":{"rendered":"Yhdistyksen s\u00e4\u00e4nn\u00f6t"},"content":{"rendered":"\n<p>PATENTTI- JA REKISTERIHALLITUS<\/p>\n\n\n\n<p>Yhdistysrekisteri<\/p>\n\n\n\n<p>1. Yhdistyksen nimi ja kotipaikka<\/p>\n\n\n\n<p>Yhdistyksen nimi on Hennala her\u00e4\u00e4 Ry ja sen kotipaikka on Lahti<\/p>\n\n\n\n<p>2. Tarkoitus ja toiminnan laatu<\/p>\n\n\n\n<p>Yhdistyksen tarkoituksena on Hennalan vanhan varuskunnan historian vaaliminen sek\u00e4 kehitt\u00e4minen Hennalan perinteen s\u00e4ilymisen osalta.<\/p>\n\n\n\n<p>Tarkoituksensa toteuttamiseksi yhdistys tekee j\u00e4senhankintaa ja pit\u00e4\u00e4 yll\u00e4 Hennalan vanhan varuskunnan perinteit\u00e4 sosiaalisessa mediassa sek\u00e4 erillisiss\u00e4 vuotuisissa tapahtumissa. Yhdistys voi lis\u00e4ksi toteuttaa toimintansa yll\u00e4pit\u00e4miseksi rahainhankintaa muun muassa yrityksilt\u00e4, yhdistyksilt\u00e4 sek\u00e4 s\u00e4\u00e4ti\u00f6ilt\u00e4.<\/p>\n\n\n\n<p>3. J\u00e4senet<\/p>\n\n\n\n<p>Yhdistyksen henkil\u00f6j\u00e4seniksi hyv\u00e4ksyt\u00e4\u00e4n 18 vuotta t\u00e4ytt\u00e4neet Suomen kansalaiset jotka hyv\u00e4ksyv\u00e4t yhdistyksen tarkoituksen ja s\u00e4\u00e4nn\u00f6t.<\/p>\n\n\n\n<p>J\u00e4rjest\u00f6j\u00e4seniksi hyv\u00e4ksyt\u00e4\u00e4n kaikki yritykset ja rekister\u00f6idyt yhdistykset.<\/p>\n\n\n\n<p>J\u00e4senet hyv\u00e4ksyy kirjallisesta hakemuksesta yhdistyksen hallitus.<\/p>\n\n\n\n<p>Hallitus voi erottaa j\u00e4senen laissa m\u00e4\u00e4riteltyjen perusteiden lis\u00e4ksi jos j\u00e4sen ei ole suorittanut j\u00e4senmaksua.<\/p>\n\n\n\n<p>4. Liittymis- ja j\u00e4senmaksu<\/p>\n\n\n\n<p>J\u00e4senilt\u00e4 peritt\u00e4v\u00e4n liittymismaksun ja vuotuisen j\u00e4senmaksun suuruudesta p\u00e4\u00e4tt\u00e4\u00e4 syyskokous.<\/p>\n\n\n\n<p>5. Hallitus<\/p>\n\n\n\n<p>Yhdistyksen asioita hoitaa hallitus, johon kuuluu syyskokouksessa valitut puheenjohtaja ja 2-8 muuta varsinaista j\u00e4sent\u00e4 sek\u00e4 0-8 varaj\u00e4sent\u00e4. Hallituksen toimikausi on kalenterivuosi. Hallitus valitsee keskuudestaan varapuheenjohtajan sek\u00e4 ottaa keskuudestaan tai ulkopuoleltaan sihteerin, rahastonhoitajan ja muut tarvittavat toimihenkil\u00f6t. Hallitus kokoontuu puheenjohtajan tai h\u00e4nen estyneen\u00e4 ollessaan varapuheenjohtajan kutsusta, kun he katsovat siihen olevan aihetta tai kun v\u00e4hint\u00e4\u00e4n puolet hallituksen j\u00e4senist\u00e4 sit\u00e4 vaatii. Hallitus on p\u00e4\u00e4t\u00f6svaltainen, kun v\u00e4hint\u00e4\u00e4n puolet sen j\u00e4senist\u00e4, puheenjohtaja tai varapuheenjohtaja mukaanluettuna on l\u00e4sn\u00e4. \u00c4\u00e4nestykset ratkaistaan ehdottomalla \u00e4\u00e4ntenenemmist\u00f6ll\u00e4. \u00c4\u00e4nten menness\u00e4 tasan ratkaisee puheenjohtajan \u00e4\u00e4ni, vaaleissa kuitenkin arpa.<\/p>\n\n\n\n<p>6. Yhdistyksen nimen kirjoittaminen<\/p>\n\n\n\n<p>Yhdistyksen nimen kirjoittaa hallituksen puheenjohtaja, sihteeri tai rahastonhoitaja, kukin yksin.<\/p>\n\n\n\n<p>7. Tilikausi<\/p>\n\n\n\n<p>Yhdistyksen tilikausi on kalenterivuosi.<\/p>\n\n\n\n<p>8. Yhdistyksen kokoukset<\/p>\n\n\n\n<p>Yhdistyksen kokoukseen voidaan osallistua hallituksen tai yhdistyksen kokouksen niin p\u00e4\u00e4tt\u00e4ess\u00e4 my\u00f6s postitse taikka tietoliikenneyhteyden tai muun teknisen apuv\u00e4lineen avulla kokouksen aikana tai ennen kokousta. Yhdistys pit\u00e4\u00e4 vuosittain kaksi varsinaista kokousta. Yhdistyksen kev\u00e4tkokous pidet\u00e4\u00e4n tammi-toukokuussa ja syyskokous syys-joulukuussa hallituksen m\u00e4\u00e4r\u00e4\u00e4m\u00e4n\u00e4 p\u00e4iv\u00e4n\u00e4. Yhdistyksen kokouksissa on jokaisella j\u00e4senell\u00e4 yksi \u00e4\u00e4ni. Yhdistyksen kokouksen p\u00e4\u00e4t\u00f6kseksi tulee, ellei s\u00e4\u00e4nn\u00f6iss\u00e4 ole toisin m\u00e4\u00e4r\u00e4tty, se mielipide, jota on kannattanut yli puolet annetuista \u00e4\u00e4nist\u00e4. \u00c4\u00e4nten menness\u00e4 tasan ratkaisee kokouksen puheenjohtajan \u00e4\u00e4ni, vaaleissa kuitenkin arpa.<\/p>\n\n\n\n<p>9. Yhdistyksen kokousten koollekutsuminen<\/p>\n\n\n\n<p>Hallituksen on kutsuttava yhdistyksen kokoukset koolle v\u00e4hint\u00e4\u00e4n seitsem\u00e4n vuorokautta ennen kokousta j\u00e4senille postitetuilla kirjeill\u00e4 tai s\u00e4hk\u00f6postitse.<\/p>\n\n\n\n<p>10. Varsinaiset kokoukset<\/p>\n\n\n\n<p>Yhdistyksen kev\u00e4tkokouksessa k\u00e4sitell\u00e4\u00e4n seuraavat asiat:<\/p>\n\n\n\n<p>1. kokouksen avaus<\/p>\n\n\n\n<p>2. valitaan kokouksen puheenjohtaja, sihteeri, kaksi p\u00f6yt\u00e4kirjantarkastajaa ja tarvittaessa kaksi \u00e4\u00e4ntenlaskijaa<\/p>\n\n\n\n<p>3. todetaan kokouksen laillisuus ja p\u00e4\u00e4t\u00f6svaltaisuus<\/p>\n\n\n\n<p>4. hyv\u00e4ksyt\u00e4\u00e4n kokouksen ty\u00f6j\u00e4rjestys<\/p>\n\n\n\n<p>5. esitet\u00e4\u00e4n tilinp\u00e4\u00e4t\u00f6s, vuosikertomus ja toiminnantarkastajien\/tilintarkastajien lausunto<\/p>\n\n\n\n<p>6. p\u00e4\u00e4tet\u00e4\u00e4n tilinp\u00e4\u00e4t\u00f6ksen vahvistamisesta ja vastuuvapauden my\u00f6nt\u00e4misest\u00e4 hallitukselle ja muille vastuuvelvollisille<\/p>\n\n\n\n<p>7. k\u00e4sitell\u00e4\u00e4n muut kokouskutsussa mainitut asiat.<\/p>\n\n\n\n<p>Yhdistyksen syyskokouksessa k\u00e4sitell\u00e4\u00e4n seuraavat asiat:<\/p>\n\n\n\n<p>1. kokouksen avaus<\/p>\n\n\n\n<p>2. valitaan kokouksen puheenjohtaja, sihteeri, kaksi p\u00f6yt\u00e4kirjantarkastajaa ja tarvittaessa kaksi \u00e4\u00e4ntenlaskijaa<\/p>\n\n\n\n<p>3. todetaan kokouksen laillisuus ja p\u00e4\u00e4t\u00f6svaltaisuus<\/p>\n\n\n\n<p>4. hyv\u00e4ksyt\u00e4\u00e4n kokouksen ty\u00f6j\u00e4rjestys<\/p>\n\n\n\n<p>5. vahvistetaan toimintasuunnitelma, tulo- ja menoarvio sek\u00e4 liittymis- ja j\u00e4senmaksun suuruus seuraavalle kalenterivuodelle<\/p>\n\n\n\n<p>6. valitaan hallituksen puheenjohtaja ja muut j\u00e4senet<\/p>\n\n\n\n<p>7. valitaan yksi tai kaksi toiminnantarkastajaa ja varatoiminnantarkastajaa taikka yksi tai kaksi tilintarkastajaa ja varatilintarkastajaa<\/p>\n\n\n\n<p>8. k\u00e4sitell\u00e4\u00e4n muut kokouskutsussa mainitut asiat.<\/p>\n\n\n\n<p>Mik\u00e4li yhdistyksen j\u00e4sen haluaa saada jonkin asian yhdistyksen kev\u00e4t- tai syyskokouksen k\u00e4sitelt\u00e4v\u00e4ksi, on h\u00e4nen ilmoitettava siit\u00e4 kirjallisesti hallitukselle niin hyviss\u00e4 ajoin, ett\u00e4 asia voidaan sis\u00e4llytt\u00e4\u00e4 kokouskutsuun.<\/p>\n\n\n\n<p>11. S\u00e4\u00e4nt\u00f6jen muuttaminen ja yhdistyksen purkaminen<\/p>\n\n\n\n<p>P\u00e4\u00e4t\u00f6s s\u00e4\u00e4nt\u00f6jen muuttamisesta ja yhdistyksen purkamisesta on teht\u00e4v\u00e4 yhdistyksen kokouksessa v\u00e4hint\u00e4\u00e4n kolmen nelj\u00e4sosan (3\/4) enemmist\u00f6ll\u00e4 annetuista \u00e4\u00e4nist\u00e4. Kokouskutsussa on mainittava s\u00e4\u00e4nt\u00f6jen muuttamisesta tai yhdistyksen purkamisesta. Yhdistyksen purkautuessa k\u00e4ytet\u00e4\u00e4n yhdistyksen varat yhdistyksen tarkoituksen edist\u00e4miseen purkamisesta p\u00e4\u00e4tt\u00e4v\u00e4n kokouksen m\u00e4\u00e4r\u00e4\u00e4m\u00e4ll\u00e4 tavalla. Yhdistyksen tullessa lakkautetuksi k\u00e4ytet\u00e4\u00e4n sen varat samaan tarkoitukseen.<\/p>\n","protected":false},"excerpt":{"rendered":"<p>PATENTTI- JA REKISTERIHALLITUS Yhdistysrekisteri 1. Yhdistyksen nimi ja kotipaikka Yhdistyksen nimi on Hennala her\u00e4\u00e4 Ry ja sen kotipaikka on Lahti 2. Tarkoitus ja toiminnan laatu Yhdistyksen tarkoituksena on Hennalan vanhan varuskunnan historian vaaliminen sek\u00e4 kehitt\u00e4minen Hennalan perinteen s\u00e4ilymisen osalta. Tarkoituksensa toteuttamiseksi yhdistys tekee j\u00e4senhankintaa ja pit\u00e4\u00e4 yll\u00e4 Hennalan vanhan varuskunnan perinteit\u00e4 sosiaalisessa mediassa sek\u00e4 erillisiss\u00e4 &hellip; <\/p>\n<p><a class=\"more-link btn\" href=\"https:\/\/hennalaheraa.fi\/?page_id=244\">Jatka lukemista<\/a><\/p>\n","protected":false},"author":7,"featured_media":0,"parent":0,"menu_order":0,"comment_status":"closed","ping_status":"closed","template":"","meta":{"footnotes":""},"class_list":["post-244","page","type-page","status-publish","hentry","nodate","item-wrap"],"_links":{"self":[{"href":"https:\/\/hennalaheraa.fi\/index.php?rest_route=\/wp\/v2\/pages\/244","targetHints":{"allow":["GET"]}}],"collection":[{"href":"https:\/\/hennalaheraa.fi\/index.php?rest_route=\/wp\/v2\/pages"}],"about":[{"href":"https:\/\/hennalaheraa.fi\/index.php?rest_route=\/wp\/v2\/types\/page"}],"author":[{"embeddable":true,"href":"https:\/\/hennalaheraa.fi\/index.php?rest_route=\/wp\/v2\/users\/7"}],"replies":[{"embeddable":true,"href":"https:\/\/hennalaheraa.fi\/index.php?rest_route=%2Fwp%2Fv2%2Fcomments&post=244"}],"version-history":[{"count":1,"href":"https:\/\/hennalaheraa.fi\/index.php?rest_route=\/wp\/v2\/pages\/244\/revisions"}],"predecessor-version":[{"id":245,"href":"https:\/\/hennalaheraa.fi\/index.php?rest_route=\/wp\/v2\/pages\/244\/revisions\/245"}],"wp:attachment":[{"href":"https:\/\/hennalaheraa.fi\/index.php?rest_route=%2Fwp%2Fv2%2Fmedia&parent=244"}],"curies":[{"name":"wp","href":"https:\/\/api.w.org\/{rel}","templated":true}]}}