{"id":27,"date":"2020-05-17T09:28:27","date_gmt":"2020-05-17T09:28:27","guid":{"rendered":"https:\/\/hennalaheraa.fi\/?page_id=27"},"modified":"2022-03-26T14:16:56","modified_gmt":"2022-03-26T12:16:56","slug":"jaseneksi","status":"publish","type":"page","link":"https:\/\/hennalaheraa.fi\/?page_id=27","title":{"rendered":"J\u00e4seneksi"},"content":{"rendered":"\n<p>P\u00e4\u00e4set j\u00e4senhakulomakkeelle <a href=\"https:\/\/forms.gle\/RASpetKyTvWpvY3Z8\">t\u00e4st\u00e4<\/a><\/p>\n","protected":false},"excerpt":{"rendered":"<p>P\u00e4\u00e4set j\u00e4senhakulomakkeelle t\u00e4st\u00e4<\/p>\n","protected":false},"author":8,"featured_media":0,"parent":0,"menu_order":0,"comment_status":"closed","ping_status":"closed","template":"","meta":{"footnotes":""},"class_list":["post-27","page","type-page","status-publish","hentry","nodate","item-wrap"],"_links":{"self":[{"href":"https:\/\/hennalaheraa.fi\/index.php?rest_route=\/wp\/v2\/pages\/27","targetHints":{"allow":["GET"]}}],"collection":[{"href":"https:\/\/hennalaheraa.fi\/index.php?rest_route=\/wp\/v2\/pages"}],"about":[{"href":"https:\/\/hennalaheraa.fi\/index.php?rest_route=\/wp\/v2\/types\/page"}],"author":[{"embeddable":true,"href":"https:\/\/hennalaheraa.fi\/index.php?rest_route=\/wp\/v2\/users\/8"}],"replies":[{"embeddable":true,"href":"https:\/\/hennalaheraa.fi\/index.php?rest_route=%2Fwp%2Fv2%2Fcomments&post=27"}],"version-history":[{"count":4,"href":"https:\/\/hennalaheraa.fi\/index.php?rest_route=\/wp\/v2\/pages\/27\/revisions"}],"predecessor-version":[{"id":218,"href":"https:\/\/hennalaheraa.fi\/index.php?rest_route=\/wp\/v2\/pages\/27\/revisions\/218"}],"wp:attachment":[{"href":"https:\/\/hennalaheraa.fi\/index.php?rest_route=%2Fwp%2Fv2%2Fmedia&parent=27"}],"curies":[{"name":"wp","href":"https:\/\/api.w.org\/{rel}","templated":true}]}}