{"id":29,"date":"2020-05-17T09:29:24","date_gmt":"2020-05-17T09:29:24","guid":{"rendered":"https:\/\/hennalaheraa.fi\/?page_id=29"},"modified":"2022-03-26T14:17:57","modified_gmt":"2022-03-26T12:17:57","slug":"yhdistysjasenet","status":"publish","type":"page","link":"https:\/\/hennalaheraa.fi\/?page_id=29","title":{"rendered":"Yhdistysj\u00e4senet"},"content":{"rendered":"\n<p>Voit hakea yhdistyksellesi j\u00e4senyytt\u00e4 t\u00e4ytt\u00e4m\u00e4ll\u00e4 liittymislomakkeen allaolevan linkin kautta. Yhdistysj\u00e4senet saavat yhdistyksens\u00e4 logon n\u00e4kyville Hennala Her\u00e4\u00e4 ry:n kotisivulle, yhdistyksen videoihin sek\u00e4 tapahtumamainoksiin joita jaellaan mm. sosiaalisessa mediassa. Hennala her\u00e4\u00e4 ry voi my\u00f6s mainostaa j\u00e4senyhdistystens\u00e4 tapahtumia ja toimintaa omissa kanavissaan. <\/p>\n\n\n\n<p>Liittymislomakeelle p\u00e4\u00e4set <a href=\"https:\/\/docs.google.com\/forms\/d\/e\/1FAIpQLScq3I8CaOD9DAz-zutnWlZfe2JSGwMcIAdzCrQ49i7T-spORg\/viewform?usp=sf_link\">t\u00e4st\u00e4.<\/a><\/p>\n","protected":false},"excerpt":{"rendered":"<p>Voit hakea yhdistyksellesi j\u00e4senyytt\u00e4 t\u00e4ytt\u00e4m\u00e4ll\u00e4 liittymislomakkeen allaolevan linkin kautta. Yhdistysj\u00e4senet saavat yhdistyksens\u00e4 logon n\u00e4kyville Hennala Her\u00e4\u00e4 ry:n kotisivulle, yhdistyksen videoihin sek\u00e4 tapahtumamainoksiin joita jaellaan mm. sosiaalisessa mediassa. Hennala her\u00e4\u00e4 ry voi my\u00f6s mainostaa j\u00e4senyhdistystens\u00e4 tapahtumia ja toimintaa omissa kanavissaan. Liittymislomakeelle p\u00e4\u00e4set t\u00e4st\u00e4.<\/p>\n","protected":false},"author":8,"featured_media":0,"parent":0,"menu_order":0,"comment_status":"closed","ping_status":"closed","template":"","meta":{"footnotes":""},"class_list":["post-29","page","type-page","status-publish","hentry","nodate","item-wrap"],"_links":{"self":[{"href":"https:\/\/hennalaheraa.fi\/index.php?rest_route=\/wp\/v2\/pages\/29","targetHints":{"allow":["GET"]}}],"collection":[{"href":"https:\/\/hennalaheraa.fi\/index.php?rest_route=\/wp\/v2\/pages"}],"about":[{"href":"https:\/\/hennalaheraa.fi\/index.php?rest_route=\/wp\/v2\/types\/page"}],"author":[{"embeddable":true,"href":"https:\/\/hennalaheraa.fi\/index.php?rest_route=\/wp\/v2\/users\/8"}],"replies":[{"embeddable":true,"href":"https:\/\/hennalaheraa.fi\/index.php?rest_route=%2Fwp%2Fv2%2Fcomments&post=29"}],"version-history":[{"count":4,"href":"https:\/\/hennalaheraa.fi\/index.php?rest_route=\/wp\/v2\/pages\/29\/revisions"}],"predecessor-version":[{"id":220,"href":"https:\/\/hennalaheraa.fi\/index.php?rest_route=\/wp\/v2\/pages\/29\/revisions\/220"}],"wp:attachment":[{"href":"https:\/\/hennalaheraa.fi\/index.php?rest_route=%2Fwp%2Fv2%2Fmedia&parent=29"}],"curies":[{"name":"wp","href":"https:\/\/api.w.org\/{rel}","templated":true}]}}